{"id":3253,"date":"2022-10-22T21:05:24","date_gmt":"2022-10-22T21:05:24","guid":{"rendered":"https:\/\/doctorfatihay.com\/?page_id=3253"},"modified":"2025-03-27T12:08:43","modified_gmt":"2025-03-27T12:08:43","slug":"cene-botoksu-dis-sikma-botoksu","status":"publish","type":"page","link":"https:\/\/doctorfatihay.com\/ru\/cene-botoksu-dis-sikma-botoksu\/","title":{"rendered":"\u0411\u043e\u0442\u043e\u043a\u0441 \u0434\u043b\u044f \u0447\u0435\u043b\u044e\u0441\u0442\u043d\u043e\u0439 \u0431\u0443\u0440\u0441\u044b (\u0431\u043e\u0442\u043e\u043a\u0441 \u0434\u043b\u044f \u043f\u043e\u0434\u0442\u044f\u0433\u0438\u0432\u0430\u043d\u0438\u044f \u0437\u0443\u0431\u043e\u0432)"},"content":{"rendered":"<div id=\"pl-3253\"  class=\"panel-layout\" ><div id=\"pg-3253-0\"  class=\"panel-grid panel-has-style\" ><div class=\"divider-no-animation tablet-1-in-row mobile-1-in-row desktop-default custom panel-row-style panel-row-style-for-3253-0\" ><div id=\"pgc-3253-0-0\"  class=\"panel-grid-cell\" ><div id=\"panel-3253-0-0-0\" class=\"so-panel widget widget_orion_heading_w panel-first-child\" data-index=\"0\" ><div class=\"orion custom mobile-text-center tablets-text-center default panel-widget-style panel-widget-style-for-3253-0-0-0\" ><div\n\t\t\t\n\t\t\tclass=\"so-widget-orion_heading_w so-widget-orion_heading_w-base\"\n\t\t\t\n\t\t> \r\n\t\t\t<div class=\"row orion-heading\" style=\"margin-bottom:0px;\">\r\n\t\t<div class=\"col-md-12   text-left style-h1 style-text-light\">\r\n\t\t\t<h1 class=\"text-light text-bold\">\r\n\t\t\t\t\u0411\u043e\u0442\u043e\u043a\u0441 \u0434\u043b\u044f \u0447\u0435\u043b\u044e\u0441\u0442\u0438 (\u0431\u043e\u0442\u043e\u043a\u0441 \u0434\u043b\u044f \u043f\u043e\u0434\u0442\u044f\u0433\u0438\u0432\u0430\u043d\u0438\u044f \u0437\u0443\u0431\u043e\u0432)\t\t\t<\/h1>\r\n\t\t<\/div>\r\n\t<\/div>\r\n\r\n\t<\/div><\/div><\/div><div id=\"panel-3253-0-0-1\" class=\"so-panel widget widget_orion_empty_space_w\" data-index=\"1\" ><div class=\"orion custom default panel-widget-style panel-widget-style-for-3253-0-0-1\" ><div\n\t\t\t\n\t\t\tclass=\"so-widget-orion_empty_space_w so-widget-orion_empty_space_w-base\"\n\t\t\t\n\t\t>\t<div class=\"row empty-space visible-lg visible-md visible-sm visible-xs\" style=\"height:31px;\">\r\n\t<\/div><\/div><\/div><\/div><div id=\"panel-3253-0-0-2\" class=\"so-panel widget widget_sow-editor panel-last-child\" data-index=\"2\" ><div class=\"orion custom mobile-text-center tablets-text-center text-light panel-widget-style panel-widget-style-for-3253-0-0-2\" ><div\n\t\t\t\n\t\t\tclass=\"so-widget-sow-editor so-widget-sow-editor-base\"\n\t\t\t\n\t\t>\n<div class=\"siteorigin-widget-tinymce textwidget\">\n\t<h5><strong>\u0427\u0442\u043e \u0442\u0430\u043a\u043e\u0435 \u0431\u043e\u0442\u043e\u043a\u0441 \u043f\u043e\u0434\u0431\u043e\u0440\u043e\u0434\u043a\u0430?<\/strong><\/h5>\n<p>Bruxizm yani bir di\u011fer ifadeyle di\u015f s\u0131kma ve g\u0131c\u0131rdatma dedi\u011fimiz durum %80 oran\u0131nda stres kaynakl\u0131d\u0131r. G\u00fcndelik hayatta kar\u015f\u0131la\u015fabilece\u011fimiz bruksizm daha \u00e7ok gece uyurken fark\u0131nda olmadan ba\u015f\u0131m\u0131za gelmektedir. Di\u015f s\u0131kma ve g\u0131c\u0131rdatma ile eklemlerimizde ve ba\u015f\u0131m\u0131z\u0131n yan k\u0131s\u0131mlar\u0131nda a\u011fr\u0131lar meydana gelmektedir. Bununla birlikte sabah uyand\u0131\u011f\u0131m\u0131zda a\u011fz\u0131m\u0131z\u0131 a\u00e7makta zorlanabiliriz. \u0130leri derecede bruksizmi olan hastalar\u0131m\u0131zda di\u015flerde a\u015f\u0131nma ve k\u0131r\u0131lmalar ile kar\u015f\u0131la\u015fabilmekteyiz. Botoks tedavisiyle; en kuvvetli \u00e7i\u011fneme kas\u0131 olan masseter kas\u0131na k\u00fc\u00e7\u00fck dozlarda botulinum toksin enjekte ederek bu kas\u0131 belli oranda g\u00fc\u00e7s\u00fczle\u015ftirmeyi hedeflemekteyiz. B\u00f6ylelikle istemsizce di\u015f s\u0131kman\u0131n \u00f6n\u00fcne ge\u00e7mekteyiz.<\/p>\n<h5><strong>\u042f\u0432\u043b\u044f\u0435\u0442\u0441\u044f \u043b\u0438 \u0431\u043e\u0442\u043e\u043a\u0441\u043d\u0430\u044f \u043f\u043e\u0434\u0442\u044f\u0436\u043a\u0430 \u0437\u0443\u0431\u043e\u0432 \u0431\u043e\u043b\u0435\u0437\u043d\u0435\u043d\u043d\u043e\u0439 \u043f\u0440\u043e\u0446\u0435\u0434\u0443\u0440\u043e\u0439?<\/strong><\/h5>\n<p>\u041c\u044b \u043f\u0440\u0435\u0434\u043e\u0442\u0432\u0440\u0430\u0449\u0430\u0435\u043c \u043e\u0449\u0443\u0449\u0435\u043d\u0438\u0435 \u0431\u043e\u043b\u0438 \u0441 \u043f\u043e\u043c\u043e\u0449\u044c\u044e \u0430\u043d\u0435\u0441\u0442\u0435\u0442\u0438\u043a\u043e\u0432 \u043c\u0435\u0441\u0442\u043d\u043e\u0433\u043e \u0434\u0435\u0439\u0441\u0442\u0432\u0438\u044f, \u043a\u043e\u0442\u043e\u0440\u044b\u0435 \u043c\u044b \u043d\u0430\u043d\u0435\u0441\u0435\u043c \u043d\u0430 \u0432\u0430\u0448\u0435 \u043b\u0438\u0446\u043e \u043f\u0435\u0440\u0435\u0434 \u043f\u0440\u043e\u0446\u0435\u0434\u0443\u0440\u043e\u0439. \u041a\u0440\u043e\u043c\u0435 \u0442\u043e\u0433\u043e, \u0442\u043e\u043d\u043a\u0438\u0435 \u043a\u0440\u043e\u0448\u0435\u0447\u043d\u044b\u0435 \u0438\u0433\u043b\u044b \u043f\u043e\u0447\u0442\u0438 \u043d\u0435 \u043f\u0440\u0438\u0447\u0438\u043d\u044f\u044e\u0442 \u0431\u043e\u043b\u0438.<\/p>\n<h5><strong>\u041e\u0441\u0442\u0430\u043d\u0435\u0442\u0441\u044f \u043b\u0438 \u0448\u0440\u0430\u043c \u043d\u0430 \u043b\u0438\u0446\u0435 \u043f\u043e\u0441\u043b\u0435 \u043f\u0440\u043e\u0446\u0435\u0434\u0443\u0440\u044b?<\/strong><\/h5>\n<p>\u041f\u043e\u0441\u043a\u043e\u043b\u044c\u043a\u0443 \u0438\u0441\u043f\u043e\u043b\u044c\u0437\u0443\u044e\u0442\u0441\u044f \u0442\u043e\u043d\u043a\u0438\u0435 \u0438\u0433\u043b\u044b, \u043f\u043e\u0441\u043b\u0435 \u043f\u0440\u043e\u0446\u0435\u0434\u0443\u0440\u044b \u043d\u0435 \u043e\u0441\u0442\u0430\u0435\u0442\u0441\u044f \u0448\u0440\u0430\u043c\u043e\u0432.<\/p>\n<\/div>\n<\/div><\/div><\/div><\/div><div id=\"pgc-3253-0-1\"  class=\"panel-grid-cell\" ><div id=\"panel-3253-0-1-0\" class=\"so-panel widget widget_orion_image_w panel-first-child panel-last-child\" data-index=\"3\" ><div class=\"orion custom mobile-text-center default panel-widget-style panel-widget-style-for-3253-0-1-0\" ><div\n\t\t\t\n\t\t\tclass=\"so-widget-orion_image_w so-widget-orion_image_w-base\"\n\t\t\t\n\t\t>\r\n<div class=\"image-w relative  img-frame shadow-4\">\r\n\r\n\t\t\t\t\t\t\t<div class=\"orion_portrait overlay-none overlay-hover-none\">\r\n\t\t\r\n\t\t\t\t\t<img loading=\"lazy\" decoding=\"async\" width=\"555\" height=\"711\" src=\"https:\/\/doctorfatihay.com\/wp-content\/uploads\/2022\/11\/cenebotoksu5-min-555x711.jpg\" class=\"attachment-orion_portrait size-orion_portrait\" alt=\"\" \/>\t\t\t<div class=\"overlay\"><\/div>\r\n\t\t\r\n\t\t\t\t\t<\/div>\r\n\t\t\t\r\n\t\r\n\t<div class=\"absolute\">\r\n\t\t<div class=\"hover-desc table-wrap\">\r\n\t\t\t<div class=\"cell-wrap\">\r\n\t\t\t\t<h4 class=\"text-light\"><\/h4>\r\n\t\t\t<\/div>\r\n\t\t<\/div>\r\n\t<\/div>\t\t\t\t\t\r\n<\/div>\r\n\r\n<\/div><\/div><\/div><\/div><\/div><\/div><div id=\"pg-3253-1\"  class=\"panel-grid panel-has-style\" ><div class=\"divider-no-animation tablet-1-in-row mobile-1-in-row desktop-default custom panel-row-style panel-row-style-for-3253-1\" ><div id=\"pgc-3253-1-0\"  class=\"panel-grid-cell\" ><div class=\"custom panel-cell-style panel-cell-style-for-3253-1-0\" ><div id=\"panel-3253-1-0-0\" class=\"so-panel widget widget_sow-editor panel-first-child panel-last-child\" data-index=\"4\" ><div class=\"orion custom mobile-text-center tablets-text-center text-light panel-widget-style panel-widget-style-for-3253-1-0-0\" ><div\n\t\t\t\n\t\t\tclass=\"so-widget-sow-editor so-widget-sow-editor-base\"\n\t\t\t\n\t\t>\n<div class=\"siteorigin-widget-tinymce textwidget\">\n\t<h5><strong>\u0421\u0442\u0430\u043d\u043e\u0432\u0438\u0442\u0441\u044f \u043b\u0438 \u043b\u0438\u0446\u043e \u0431\u043e\u043b\u0435\u0435 \u0445\u0443\u0434\u044b\u043c \u043f\u043e\u0441\u043b\u0435 \u043f\u0440\u0438\u043c\u0435\u043d\u0435\u043d\u0438\u044f \u0431\u043e\u0442\u043e\u043a\u0441\u0430?<\/strong><\/h5>\n<p><span data-ccp-props=\"{}\">\u00a0<\/span><span data-contrast=\"none\">\u041f\u043e\u0441\u043b\u0435 \u0432\u0432\u0435\u0434\u0435\u043d\u0438\u044f \u0431\u043e\u0442\u043e\u043a\u0441\u0430 \u0432 \u0436\u0435\u0432\u0430\u0442\u0435\u043b\u044c\u043d\u0443\u044e \u043c\u044b\u0448\u0446\u0443, \u043a\u043e\u0442\u043e\u0440\u0430\u044f \u0441\u0442\u0430\u043d\u043e\u0432\u0438\u0442\u0441\u044f \u0437\u0430\u043c\u0435\u0442\u043d\u043e\u0439 \u0438\u0437-\u0437\u0430 \u0441\u0442\u0438\u0441\u043a\u0438\u0432\u0430\u043d\u0438\u044f \u0437\u0443\u0431\u043e\u0432, \u043d\u0430 \u043b\u0438\u0446\u0435 \u0442\u0430\u043a\u0436\u0435 \u043f\u043e\u044f\u0432\u043b\u044f\u0435\u0442\u0441\u044f \u0445\u0443\u0434\u043e\u0431\u0430 \u0438\u0437-\u0437\u0430 \u0443\u043c\u0435\u043d\u044c\u0448\u0435\u043d\u0438\u044f \u043e\u0431\u044a\u0435\u043c\u0430 \u043c\u044b\u0448\u0446\u044b.<\/span><span data-ccp-props=\"{}\">\u00a0<\/span><\/p>\n<h5><strong>\u042f\u0432\u043b\u044f\u0435\u0442\u0441\u044f \u043b\u0438 \u0431\u043e\u0442\u043e\u043a\u0441 \u0434\u043b\u044f \u043f\u043e\u0434\u0442\u044f\u0436\u043a\u0438 \u0437\u0443\u0431\u043e\u0432 \u043f\u043e\u0441\u0442\u043e\u044f\u043d\u043d\u044b\u043c?<\/strong><\/h5>\n<p>\u042d\u0444\u0444\u0435\u043a\u0442 \u043e\u0442 \u0431\u043e\u0442\u043e\u043a\u0441\u0430 \u0441\u043e\u0445\u0440\u0430\u043d\u044f\u0435\u0442\u0441\u044f \u0432 \u0442\u0435\u0447\u0435\u043d\u0438\u0435 4-6 \u043c\u0435\u0441\u044f\u0446\u0435\u0432. \u041e\u0434\u043d\u0430\u043a\u043e \u0431\u043e\u0442\u043e\u043a\u0441, \u043a\u043e\u0442\u043e\u0440\u044b\u0439 \u043c\u044b \u0431\u0443\u0434\u0435\u043c \u043f\u0440\u0438\u043c\u0435\u043d\u044f\u0442\u044c \u0441 \u043e\u043f\u0440\u0435\u0434\u0435\u043b\u0435\u043d\u043d\u043e\u0439 \u043f\u0435\u0440\u0438\u043e\u0434\u0438\u0447\u043d\u043e\u0441\u0442\u044c\u044e \u0443 \u043d\u0430\u0448\u0438\u0445 \u043f\u0430\u0446\u0438\u0435\u043d\u0442\u043e\u0432, \u0437\u043d\u0430\u0447\u0438\u0442\u0435\u043b\u044c\u043d\u043e \u0443\u043c\u0435\u043d\u044c\u0448\u0438\u0442 \u043f\u0440\u0438\u0432\u044b\u0447\u043a\u0443 \u0441\u0436\u0438\u043c\u0430\u0442\u044c \u0437\u0443\u0431\u044b.<\/p>\n<h5><strong>\u0412\u0440\u0435\u0434\u0435\u043d \u043b\u0438 \u0431\u043e\u0442\u043e\u043a\u0441 \u0434\u043b\u044f \u043f\u043e\u0434\u0431\u043e\u0440\u043e\u0434\u043a\u0430?<\/strong><\/h5>\n<p>\u0415\u0441\u043b\u0438 \u0438\u0441\u043f\u043e\u043b\u044c\u0437\u0443\u044e\u0442\u0441\u044f \u043f\u0440\u0435\u043f\u0430\u0440\u0430\u0442\u044b, \u043e\u0434\u043e\u0431\u0440\u0435\u043d\u043d\u044b\u0435 FDI, \u043f\u0440\u043e\u0446\u0435\u0434\u0443\u0440\u0430 \u0431\u043e\u0442\u043e\u043a\u0441\u0430 \u043f\u043e\u0434\u0431\u043e\u0440\u043e\u0434\u043a\u0430 \u043d\u0435 \u043f\u0440\u0438\u0447\u0438\u043d\u044f\u0435\u0442 \u0432\u0440\u0435\u0434\u0430. \u0412\u043e\u0437\u043c\u043e\u0436\u043d\u044b\u0435 \u043f\u043e\u0431\u043e\u0447\u043d\u044b\u0435 \u044d\u0444\u0444\u0435\u043a\u0442\u044b \u043d\u043e\u0441\u044f\u0442 \u0432\u0440\u0435\u043c\u0435\u043d\u043d\u044b\u0439 \u0445\u0430\u0440\u0430\u043a\u0442\u0435\u0440.<\/p>\n<h5><strong>\u0414\u0435\u0439\u0441\u0442\u0432\u0443\u0435\u0442 \u043b\u0438 \u043e\u043d \u0441\u0440\u0430\u0437\u0443 \u043f\u043e\u0441\u043b\u0435 \u043f\u0440\u043e\u0446\u0435\u0434\u0443\u0440\u044b?<\/strong><\/h5>\n<p><span data-contrast=\"none\">\u042d\u0444\u0444\u0435\u043a\u0442 \u043e\u0442 \u043f\u0440\u0438\u043c\u0435\u043d\u0435\u043d\u0438\u044f \u0431\u043e\u0442\u043e\u043a\u0441\u0430 \u0432 \u0436\u0435\u0432\u0430\u0442\u0435\u043b\u044c\u043d\u043e\u0439 \u043c\u044b\u0448\u0446\u0435 \u043d\u0430\u0447\u0438\u043d\u0430\u0435\u0442\u0441\u044f \u043f\u0440\u0438\u043c\u0435\u0440\u043d\u043e \u0447\u0435\u0440\u0435\u0437 1 \u043d\u0435\u0434\u0435\u043b\u044e. \u0412 \u0442\u0435\u0447\u0435\u043d\u0438\u0435 2 \u043d\u0435\u0434\u0435\u043b\u044c \u043c\u044b \u0432\u0438\u0434\u0438\u043c \u0436\u0435\u043b\u0430\u0435\u043c\u044b\u0439 \u044d\u0444\u0444\u0435\u043a\u0442.<\/span><span data-ccp-props=\"{}\">\u00a0<\/span><\/p>\n<\/div>\n<\/div><\/div><\/div><\/div><\/div><div id=\"pgc-3253-1-1\"  class=\"panel-grid-cell\" ><div id=\"panel-3253-1-1-0\" class=\"so-panel widget widget_orion_image_w panel-first-child panel-last-child\" data-index=\"5\" ><div class=\"orion custom mobile-text-center default panel-widget-style panel-widget-style-for-3253-1-1-0\" ><div\n\t\t\t\n\t\t\tclass=\"so-widget-orion_image_w so-widget-orion_image_w-base\"\n\t\t\t\n\t\t>\r\n<div class=\"image-w relative  img-frame shadow-4\">\r\n\r\n\t\t\t\t\t\t\t<div class=\"orion_portrait overlay-none overlay-hover-none\">\r\n\t\t\r\n\t\t\t\t\t<img loading=\"lazy\" decoding=\"async\" width=\"555\" height=\"711\" src=\"https:\/\/doctorfatihay.com\/wp-content\/uploads\/2022\/11\/cenebotoksu22-min-555x711.jpg\" class=\"attachment-orion_portrait size-orion_portrait\" alt=\"\" \/>\t\t\t<div class=\"overlay\"><\/div>\r\n\t\t\r\n\t\t\t\t\t<\/div>\r\n\t\t\t\r\n\t\r\n\t<div class=\"absolute\">\r\n\t\t<div class=\"hover-desc table-wrap\">\r\n\t\t\t<div class=\"cell-wrap\">\r\n\t\t\t\t<h4 class=\"text-light\"><\/h4>\r\n\t\t\t<\/div>\r\n\t\t<\/div>\r\n\t<\/div>\t\t\t\t\t\r\n<\/div>\r\n\r\n<\/div><\/div><\/div><\/div><\/div><\/div><\/div>","protected":false},"excerpt":{"rendered":"<p>\u0417\u0443\u0431\u043d\u044b\u0435 \u0438\u043c\u043f\u043b\u0430\u043d\u0442\u0430\u0442\u044b - \u044d\u0442\u043e \u0440\u0430\u0441\u043f\u0440\u043e\u0441\u0442\u0440\u0430\u043d\u0435\u043d\u043d\u0430\u044f \u043f\u0440\u043e\u0446\u0435\u0434\u0443\u0440\u0430, \u043f\u043e\u0437\u0432\u043e\u043b\u044f\u044e\u0449\u0430\u044f \u043d\u0430\u0434\u043e\u043b\u0433\u043e \u0437\u0430\u043c\u0435\u043d\u0438\u0442\u044c \u043e\u0442\u0441\u0443\u0442\u0441\u0442\u0432\u0443\u044e\u0449\u0438\u0435 \u0437\u0443\u0431\u044b, \u043d\u0435 \u0437\u0430\u0442\u0440\u0430\u0433\u0438\u0432\u0430\u044f \u0441\u043e\u0441\u0435\u0434\u043d\u0438\u0435. <\/p>","protected":false},"author":1,"featured_media":0,"parent":0,"menu_order":0,"comment_status":"closed","ping_status":"closed","template":"","meta":{"_coblocks_attr":"","_coblocks_dimensions":"","_coblocks_responsive_height":"","_coblocks_accordion_ie_support":"","inline_featured_image":false,"_joinchat":[],"footnotes":""},"class_list":["post-3253","page","type-page","status-publish","hentry"],"aioseo_notices":[],"_links":{"self":[{"href":"https:\/\/doctorfatihay.com\/ru\/wp-json\/wp\/v2\/pages\/3253","targetHints":{"allow":["GET"]}}],"collection":[{"href":"https:\/\/doctorfatihay.com\/ru\/wp-json\/wp\/v2\/pages"}],"about":[{"href":"https:\/\/doctorfatihay.com\/ru\/wp-json\/wp\/v2\/types\/page"}],"author":[{"embeddable":true,"href":"https:\/\/doctorfatihay.com\/ru\/wp-json\/wp\/v2\/users\/1"}],"replies":[{"embeddable":true,"href":"https:\/\/doctorfatihay.com\/ru\/wp-json\/wp\/v2\/comments?post=3253"}],"version-history":[{"count":2,"href":"https:\/\/doctorfatihay.com\/ru\/wp-json\/wp\/v2\/pages\/3253\/revisions"}],"predecessor-version":[{"id":3571,"href":"https:\/\/doctorfatihay.com\/ru\/wp-json\/wp\/v2\/pages\/3253\/revisions\/3571"}],"wp:attachment":[{"href":"https:\/\/doctorfatihay.com\/ru\/wp-json\/wp\/v2\/media?parent=3253"}],"curies":[{"name":"wp","href":"https:\/\/api.w.org\/{rel}","templated":true}]}}