{"id":3253,"date":"2022-10-22T21:05:24","date_gmt":"2022-10-22T21:05:24","guid":{"rendered":"https:\/\/doctorfatihay.com\/?page_id=3253"},"modified":"2025-03-27T12:08:43","modified_gmt":"2025-03-27T12:08:43","slug":"cene-botoksu-dis-sikma-botoksu","status":"publish","type":"page","link":"https:\/\/doctorfatihay.com\/en\/cene-botoksu-dis-sikma-botoksu\/","title":{"rendered":"Bursa Jaw Botox (Tooth Tightening Botox)"},"content":{"rendered":"<div id=\"pl-3253\"  class=\"panel-layout\" ><div id=\"pg-3253-0\"  class=\"panel-grid panel-has-style\" ><div class=\"divider-no-animation tablet-1-in-row mobile-1-in-row desktop-default custom panel-row-style panel-row-style-for-3253-0\" ><div id=\"pgc-3253-0-0\"  class=\"panel-grid-cell\" ><div id=\"panel-3253-0-0-0\" class=\"so-panel widget widget_orion_heading_w panel-first-child\" data-index=\"0\" ><div class=\"orion custom mobile-text-center tablets-text-center default panel-widget-style panel-widget-style-for-3253-0-0-0\" ><div\n\t\t\t\n\t\t\tclass=\"so-widget-orion_heading_w so-widget-orion_heading_w-base\"\n\t\t\t\n\t\t> \r\n\t\t\t<div class=\"row orion-heading\" style=\"margin-bottom:0px;\">\r\n\t\t<div class=\"col-md-12   text-left style-h1 style-text-light\">\r\n\t\t\t<h1 class=\"text-light text-bold\">\r\n\t\t\t\tJaw Botox (Tooth Tightening Botox)\t\t\t<\/h1>\r\n\t\t<\/div>\r\n\t<\/div>\r\n\r\n\t<\/div><\/div><\/div><div id=\"panel-3253-0-0-1\" class=\"so-panel widget widget_orion_empty_space_w\" data-index=\"1\" ><div class=\"orion custom default panel-widget-style panel-widget-style-for-3253-0-0-1\" ><div\n\t\t\t\n\t\t\tclass=\"so-widget-orion_empty_space_w so-widget-orion_empty_space_w-base\"\n\t\t\t\n\t\t>\t<div class=\"row empty-space visible-lg visible-md visible-sm visible-xs\" style=\"height:31px;\">\r\n\t<\/div><\/div><\/div><\/div><div id=\"panel-3253-0-0-2\" class=\"so-panel widget widget_sow-editor panel-last-child\" data-index=\"2\" ><div class=\"orion custom mobile-text-center tablets-text-center text-light panel-widget-style panel-widget-style-for-3253-0-0-2\" ><div\n\t\t\t\n\t\t\tclass=\"so-widget-sow-editor so-widget-sow-editor-base\"\n\t\t\t\n\t\t>\n<div class=\"siteorigin-widget-tinymce textwidget\">\n\t<h5><strong>What is chin botox?<\/strong><\/h5>\n<p>Bruxizm yani bir di\u011fer ifadeyle di\u015f s\u0131kma ve g\u0131c\u0131rdatma dedi\u011fimiz durum %80 oran\u0131nda stres kaynakl\u0131d\u0131r. G\u00fcndelik hayatta kar\u015f\u0131la\u015fabilece\u011fimiz bruksizm daha \u00e7ok gece uyurken fark\u0131nda olmadan ba\u015f\u0131m\u0131za gelmektedir. Di\u015f s\u0131kma ve g\u0131c\u0131rdatma ile eklemlerimizde ve ba\u015f\u0131m\u0131z\u0131n yan k\u0131s\u0131mlar\u0131nda a\u011fr\u0131lar meydana gelmektedir. Bununla birlikte sabah uyand\u0131\u011f\u0131m\u0131zda a\u011fz\u0131m\u0131z\u0131 a\u00e7makta zorlanabiliriz. \u0130leri derecede bruksizmi olan hastalar\u0131m\u0131zda di\u015flerde a\u015f\u0131nma ve k\u0131r\u0131lmalar ile kar\u015f\u0131la\u015fabilmekteyiz. Botoks tedavisiyle; en kuvvetli \u00e7i\u011fneme kas\u0131 olan masseter kas\u0131na k\u00fc\u00e7\u00fck dozlarda botulinum toksin enjekte ederek bu kas\u0131 belli oranda g\u00fc\u00e7s\u00fczle\u015ftirmeyi hedeflemekteyiz. B\u00f6ylelikle istemsizce di\u015f s\u0131kman\u0131n \u00f6n\u00fcne ge\u00e7mekteyiz.<\/p>\n<h5><strong>Is botox for teeth clenching a painful procedure?<\/strong><\/h5>\n<p>Before the procedure, we prevent the feeling of pain with topical anesthesia that we will apply to your face. In addition, very little pain is felt with fine-tipped tiny needles.<\/p>\n<h5><strong>Will there be any scars on our face after the procedure?<\/strong><\/h5>\n<p>Since fine-tipped needles are used, there is no scar after the treatment.<\/p>\n<\/div>\n<\/div><\/div><\/div><\/div><div id=\"pgc-3253-0-1\"  class=\"panel-grid-cell\" ><div id=\"panel-3253-0-1-0\" class=\"so-panel widget widget_orion_image_w panel-first-child panel-last-child\" data-index=\"3\" ><div class=\"orion custom mobile-text-center default panel-widget-style panel-widget-style-for-3253-0-1-0\" ><div\n\t\t\t\n\t\t\tclass=\"so-widget-orion_image_w so-widget-orion_image_w-base\"\n\t\t\t\n\t\t>\r\n<div class=\"image-w relative  img-frame shadow-4\">\r\n\r\n\t\t\t\t\t\t\t<div class=\"orion_portrait overlay-none overlay-hover-none\">\r\n\t\t\r\n\t\t\t\t\t<img loading=\"lazy\" decoding=\"async\" width=\"555\" height=\"711\" src=\"https:\/\/doctorfatihay.com\/wp-content\/uploads\/2022\/11\/cenebotoksu5-min-555x711.jpg\" class=\"attachment-orion_portrait size-orion_portrait\" alt=\"\" \/>\t\t\t<div class=\"overlay\"><\/div>\r\n\t\t\r\n\t\t\t\t\t<\/div>\r\n\t\t\t\r\n\t\r\n\t<div class=\"absolute\">\r\n\t\t<div class=\"hover-desc table-wrap\">\r\n\t\t\t<div class=\"cell-wrap\">\r\n\t\t\t\t<h4 class=\"text-light\"><\/h4>\r\n\t\t\t<\/div>\r\n\t\t<\/div>\r\n\t<\/div>\t\t\t\t\t\r\n<\/div>\r\n\r\n<\/div><\/div><\/div><\/div><\/div><\/div><div id=\"pg-3253-1\"  class=\"panel-grid panel-has-style\" ><div class=\"divider-no-animation tablet-1-in-row mobile-1-in-row desktop-default custom panel-row-style panel-row-style-for-3253-1\" ><div id=\"pgc-3253-1-0\"  class=\"panel-grid-cell\" ><div class=\"custom panel-cell-style panel-cell-style-for-3253-1-0\" ><div id=\"panel-3253-1-0-0\" class=\"so-panel widget widget_sow-editor panel-first-child panel-last-child\" data-index=\"4\" ><div class=\"orion custom mobile-text-center tablets-text-center text-light panel-widget-style panel-widget-style-for-3253-1-0-0\" ><div\n\t\t\t\n\t\t\tclass=\"so-widget-sow-editor so-widget-sow-editor-base\"\n\t\t\t\n\t\t>\n<div class=\"siteorigin-widget-tinymce textwidget\">\n\t<h5><strong>Does clenching botox make the face thinner?<\/strong><\/h5>\n<p><span data-ccp-props=\"{}\">\u00a0<\/span><span data-contrast=\"none\">After Botox is applied to the masseter muscle, which becomes prominent due to teeth clenching, the thinning on your face is also visible due to the volume reduction in the muscle.<\/span><span data-ccp-props=\"{}\">\u00a0<\/span><\/p>\n<h5><strong>Is clenching botox permanent?<\/strong><\/h5>\n<p>The effect of Botox lasts for 4 to 6 months. However, Botox, which we will apply with certain periods in our patients, will significantly reduce the habit of clenching teeth.<\/p>\n<h5><strong>Is chin botox harmful?<\/strong><\/h5>\n<p>If FDI-approved medications are used, chin botox treatment does not cause any harm. Possible side effects are temporary.<\/p>\n<h5><strong>Does it work immediately after the procedure?<\/strong><\/h5>\n<p><span data-contrast=\"none\">The effect of botox applied to the masseter muscle starts after about 1 week. Within 2 weeks, we see the desired effect.<\/span><span data-ccp-props=\"{}\">\u00a0<\/span><\/p>\n<\/div>\n<\/div><\/div><\/div><\/div><\/div><div id=\"pgc-3253-1-1\"  class=\"panel-grid-cell\" ><div id=\"panel-3253-1-1-0\" class=\"so-panel widget widget_orion_image_w panel-first-child panel-last-child\" data-index=\"5\" ><div class=\"orion custom mobile-text-center default panel-widget-style panel-widget-style-for-3253-1-1-0\" ><div\n\t\t\t\n\t\t\tclass=\"so-widget-orion_image_w so-widget-orion_image_w-base\"\n\t\t\t\n\t\t>\r\n<div class=\"image-w relative  img-frame shadow-4\">\r\n\r\n\t\t\t\t\t\t\t<div class=\"orion_portrait overlay-none overlay-hover-none\">\r\n\t\t\r\n\t\t\t\t\t<img loading=\"lazy\" decoding=\"async\" width=\"555\" height=\"711\" src=\"https:\/\/doctorfatihay.com\/wp-content\/uploads\/2022\/11\/cenebotoksu22-min-555x711.jpg\" class=\"attachment-orion_portrait size-orion_portrait\" alt=\"\" \/>\t\t\t<div class=\"overlay\"><\/div>\r\n\t\t\r\n\t\t\t\t\t<\/div>\r\n\t\t\t\r\n\t\r\n\t<div class=\"absolute\">\r\n\t\t<div class=\"hover-desc table-wrap\">\r\n\t\t\t<div class=\"cell-wrap\">\r\n\t\t\t\t<h4 class=\"text-light\"><\/h4>\r\n\t\t\t<\/div>\r\n\t\t<\/div>\r\n\t<\/div>\t\t\t\t\t\r\n<\/div>\r\n\r\n<\/div><\/div><\/div><\/div><\/div><\/div><\/div>","protected":false},"excerpt":{"rendered":"<p>Dental implants are a common procedure of permanently replacing missing teeth without affecting neighboring teeth. <\/p>","protected":false},"author":1,"featured_media":0,"parent":0,"menu_order":0,"comment_status":"closed","ping_status":"closed","template":"","meta":{"_coblocks_attr":"","_coblocks_dimensions":"","_coblocks_responsive_height":"","_coblocks_accordion_ie_support":"","inline_featured_image":false,"_joinchat":[],"footnotes":""},"class_list":["post-3253","page","type-page","status-publish","hentry"],"aioseo_notices":[],"_links":{"self":[{"href":"https:\/\/doctorfatihay.com\/en\/wp-json\/wp\/v2\/pages\/3253","targetHints":{"allow":["GET"]}}],"collection":[{"href":"https:\/\/doctorfatihay.com\/en\/wp-json\/wp\/v2\/pages"}],"about":[{"href":"https:\/\/doctorfatihay.com\/en\/wp-json\/wp\/v2\/types\/page"}],"author":[{"embeddable":true,"href":"https:\/\/doctorfatihay.com\/en\/wp-json\/wp\/v2\/users\/1"}],"replies":[{"embeddable":true,"href":"https:\/\/doctorfatihay.com\/en\/wp-json\/wp\/v2\/comments?post=3253"}],"version-history":[{"count":2,"href":"https:\/\/doctorfatihay.com\/en\/wp-json\/wp\/v2\/pages\/3253\/revisions"}],"predecessor-version":[{"id":3571,"href":"https:\/\/doctorfatihay.com\/en\/wp-json\/wp\/v2\/pages\/3253\/revisions\/3571"}],"wp:attachment":[{"href":"https:\/\/doctorfatihay.com\/en\/wp-json\/wp\/v2\/media?parent=3253"}],"curies":[{"name":"wp","href":"https:\/\/api.w.org\/{rel}","templated":true}]}}