{"id":2824,"date":"2016-09-20T16:10:21","date_gmt":"2016-09-20T16:10:21","guid":{"rendered":"http:\/\/dentalia.orionthemes.com\/demo-1\/?page_id=8"},"modified":"2022-11-13T21:54:27","modified_gmt":"2022-11-13T21:54:27","slug":"iletisim","status":"publish","type":"page","link":"https:\/\/doctorfatihay.com\/ar\/iletisim\/","title":{"rendered":"\u0627\u062a\u0635\u0644 \u0628\u0646\u0627"},"content":{"rendered":"<div id=\"pl-2824\"  class=\"panel-layout panel-is-rtl\" ><div id=\"pg-2824-0\"  class=\"panel-grid panel-has-style\" ><div class=\"siteorigin-panels-stretch orion-separator bottom-svg-1 bottom-svg-inside divider-notresponsive divider-no-animation tablet-default mobile-1-in-row desktop-default overlay-light custom panel-row-style panel-row-style-for-2824-0\" data-stretch-type=\"full-stretched\" ><div id=\"pgc-2824-0-0\"  class=\"panel-grid-cell\" ><div id=\"panel-2824-0-0-0\" class=\"so-panel widget widget_sow-google-map panel-first-child panel-last-child\" data-index=\"0\" ><div class=\"orion bg-c2 default panel-widget-style panel-widget-style-for-2824-0-0-0\" ><div\n\t\t\t\n\t\t\tclass=\"so-widget-sow-google-map so-widget-sow-google-map-default-a36d1f945f5e-2824\"\n\t\t\t\n\t\t>\n<div class=\"sow-google-map-canvas\"\n\tstyle=\"\"\n\tid=\"map-canvas-c591b11911af1a59ac8cfd61c84be7a3\"\n\tdata-options=\"{&quot;address&quot;:&quot;Di\\u015f Hekimi Fatih Ay, Bar\\u0131\\u015f Mah. S\\u00fcmer sok. No:2 Kt:4, Bar\\u0131\\u015f, D:11, 16140 Nil\\u00fcfer\\\/Bursa, T\\u00fcrkiye&quot;,&quot;zoom&quot;:15,&quot;mobileZoom&quot;:15,&quot;gestureHandling&quot;:&quot;cooperative&quot;,&quot;disableUi&quot;:true,&quot;keepCentered&quot;:true,&quot;markerIcon&quot;:&quot;&quot;,&quot;markersDraggable&quot;:false,&quot;markerAtCenter&quot;:false,&quot;markerInfoDisplay&quot;:&quot;always&quot;,&quot;markerInfoMultiple&quot;:true,&quot;markerPositions&quot;:[{&quot;place&quot;:&quot;Di\\u015f Hekimi Fatih Ay, Bar\\u0131\\u015f Mah. S\\u00fcmer sok. No:2 Kt:4, Bar\\u0131\\u015f, D:11, 16140 Nil\\u00fcfer\\\/Bursa, T\\u00fcrkiye&quot;,&quot;info&quot;:&quot;&lt;h4 style=\\&quot;text-align: center;\\&quot;&gt;&lt;strong&gt;Di\\u015f Hekimi Fatih Ay&lt;\\\/strong&gt;&lt;\\\/h4&gt;\\n&lt;p style=\\&quot;text-align: center;\\&quot;&gt;Bar\\u0131\\u015f Mah. S\\u00fcmer sok. No:2 Kt:4, D:11, 16140 &lt;strong&gt;Nil\\u00fcfer&lt;\\\/strong&gt;\\\/&lt;strong&gt;Bursa&lt;\\\/strong&gt;&lt;\\\/p&gt;\\n&quot;,&quot;infoSelectedEditor&quot;:&quot;tmce&quot;,&quot;infoMaxWidth&quot;:&quot;&quot;,&quot;customMarkerIcon&quot;:&quot;https:\\\/\\\/doctorfatihay.com\\\/wp-content\\\/uploads\\\/2022\\\/08\\\/fatihaylogoico2.png&quot;,&quot;customMarkerIconSize&quot;:&quot;full&quot;}],&quot;mapName&quot;:&quot;&quot;,&quot;mapStyles&quot;:&quot;&quot;,&quot;directions&quot;:&quot;&quot;,&quot;apiKey&quot;:&quot;AIzaSyAuzjvubIhV8XzdseOfTLYMWog4kwcmyD0&quot;,&quot;breakpoint&quot;:780}\"\n\tdata-fallback-image=\"{&quot;img&quot;:&quot;&quot;}\"><\/div>\n<\/div><\/div><\/div><\/div><\/div><\/div><div id=\"pg-2824-1\"  class=\"panel-grid panel-has-style\" ><div class=\"siteorigin-panels-stretch divider-no-animation tablet-default mobile-1-in-row desktop-default text-dark custom panel-row-style panel-row-style-for-2824-1\" data-stretch-type=\"full\" ><div id=\"pgc-2824-1-0\"  class=\"panel-grid-cell\" ><div id=\"panel-2824-1-0-0\" class=\"so-panel widget widget_orion_icon_text_w panel-first-child panel-last-child\" data-index=\"1\" ><div class=\"orion clear text-dark panel-widget-style panel-widget-style-for-2824-1-0-0\" ><div\n\t\t\t\n\t\t\tclass=\"so-widget-orion_icon_text_w so-widget-orion_icon_text_w-base\"\n\t\t\t\n\t\t>\r\n<div class=\"row icon-box-items-wrap grid align-icons-center-mobile align-icons-center-tablet icon-top-small\">\r\n \r\n\t\r\n\t\t\r\n\t\t\r\n\t\t\t\t\r\n\t\t\r\n\t\t<div class=\"icon-box-wrap clearfix col-lg-3 col-sm-6 text-dark\" style=\"margin-bottom:60px;\">\t\t\r\n\r\n\t\t\t\t\t\t\t\t\t\t<a href=\"tel:+902244515454\"  class=\"icon-wrap relative square\">\r\n\t\t\t\t\t<span class=\"sow-icon-eleganticons\" data-sow-icon=\"&#xe090;\"\n\t\tstyle=\"color: #f4f4f4; background-color: #424242\" \n\t\taria-hidden=\"true\"><\/span>\t\t\t\t\t\t\t\t\t<\/a>\r\n\t\t\t\r\n\t\t\t<a class=\"title-link\" href=\"tel:+902244515454\"><h4 class=\"item-title h6\">\u0627\u0644\u0647\u0627\u062a\u0641<\/h4><\/a>\t\t\t\r\n\r\n\t\t\t\t\t\t<span class=\"description\">+90 224 451 54 54<\/span>\r\n\t\t\t\r\n\t\t<\/div>\r\n\t\r\n\t\t\r\n\t\t\r\n\t\t\t\t\r\n\t\t\r\n\t\t<div class=\"icon-box-wrap clearfix col-lg-3 col-sm-6 text-dark\" style=\"margin-bottom:60px;\">\t\t\r\n\r\n\t\t\t\t\t\t\t\t\t\t<a href=\"tel:+905528015454\"  class=\"icon-wrap relative square\">\r\n\t\t\t\t\t<span class=\"sow-icon-eleganticons\" data-sow-icon=\"&#xe090;\"\n\t\tstyle=\"color: #f4f4f4; background-color: #424242\" \n\t\taria-hidden=\"true\"><\/span>\t\t\t\t\t\t\t\t\t<\/a>\r\n\t\t\t\r\n\t\t\t<a class=\"title-link\" href=\"tel:+905528015454\"><h4 class=\"item-title h6\">\u0627\u0644\u0647\u0627\u062a\u0641<\/h4><\/a>\t\t\t\r\n\r\n\t\t\t\t\t\t<span class=\"description\">+90 552 801 54 54<\/span>\r\n\t\t\t\r\n\t\t<\/div>\r\n\t\r\n\t\t\r\n\t\t\r\n\t\t\t\t\r\n\t\t\r\n\t\t<div class=\"icon-box-wrap clearfix col-lg-3 col-sm-6 text-dark\" style=\"margin-bottom:60px;\">\t\t\r\n\r\n\t\t\t\t\t\t\t\t\t\t<div class=\"icon-wrap relative square\">\r\n\t\t\t\t\t<span class=\"sow-icon-eleganticons\" data-sow-icon=\"&#x7d;\"\n\t\tstyle=\"color: #f4f4f4; background-color: #424242\" \n\t\taria-hidden=\"true\"><\/span>\t\t\t\t\t\t\t\t\t<\/div>\r\n\t\t\t\r\n\t\t\t<h4 class=\"item-title h6\">\u0633\u0627\u0639\u0627\u062a \u0627\u0644\u0639\u0645\u0644<\/h4>\t\t\t\r\n\r\n\t\t\t\t\t\t<span class=\"description\">\u0645\u0646 \u0627\u0644\u0627\u062b\u0646\u064a\u0646 - \u0627\u0644\u0633\u0628\u062a: 09:00 - 18:00<\/span>\r\n\t\t\t\r\n\t\t<\/div>\r\n\t\r\n\t\t\r\n\t\t\r\n\t\t\t\t\r\n\t\t\r\n\t\t<div class=\"icon-box-wrap clearfix col-lg-3 col-sm-6 vertical-center text-dark\" style=\"margin-bottom:60px;\">\t\t\r\n\r\n\t\t\t\t\t\t\t\t\t\t<a href=\"https:\/\/g.page\/dishekimifatihay?share\"  class=\"icon-wrap relative square\">\r\n\t\t\t\t\t<span class=\"sow-icon-eleganticons\" data-sow-icon=\"&#xe01d;\"\n\t\tstyle=\"color: #f4f4f4; background-color: #424242\" \n\t\taria-hidden=\"true\"><\/span>\t\t\t\t\t\t\t\t\t<\/a>\r\n\t\t\t\r\n\t\t\t\t\t\t\r\n\r\n\t\t\t\t\t\t<span class=\"description\">\u0628\u0627\u0631\u064a\u0633 \u0645. Sumer Sk. Ac\u0131badem Sinano\u011flu Apt. No:2 Kat:4 D:11 Nil\u00fcfer\/BURSA<\/span>\r\n\t\t\t\r\n\t\t<\/div>\r\n\t\r\n<\/div><\/div><\/div><\/div><\/div><\/div><\/div><div id=\"pg-2824-2\"  class=\"panel-grid panel-has-style\" ><div class=\"siteorigin-panels-stretch divider-no-animation tablet-default mobile-1-in-row desktop-default text-light overlay-dark bg-sitebg panel-row-style panel-row-style-for-2824-2\" data-stretch-type=\"full\" data-svg-bottom-color=\"#ffffff\" ><div id=\"pgc-2824-2-0\"  class=\"panel-grid-cell panel-grid-cell-empty\" ><\/div><div id=\"pgc-2824-2-1\"  class=\"panel-grid-cell panel-grid-cell-mobile-last\" ><div id=\"panel-2824-2-1-0\" class=\"so-panel widget widget_orion_heading_w panel-first-child\" data-index=\"2\" ><div class=\"orion custom default panel-widget-style panel-widget-style-for-2824-2-1-0\" ><div\n\t\t\t\n\t\t\tclass=\"so-widget-orion_heading_w so-widget-orion_heading_w-base\"\n\t\t\t\n\t\t> \r\n\t\t\t<div class=\"row orion-heading\" style=\"margin-bottom:0px;\">\r\n\t\t<div class=\"col-md-12   text-center style-h2 style-text-light\">\r\n\t\t\t<h2 class=\"text-light\">\r\n\t\t\t\t\u0625\u0646\u0634\u0627\u0621 \u0645\u0648\u0639\u062f\t\t\t<\/h2>\r\n\t\t<\/div>\r\n\t<\/div>\r\n\r\n\t<\/div><\/div><\/div><div id=\"panel-2824-2-1-1\" class=\"so-panel widget widget_orion_empty_space_w\" data-index=\"3\" ><div class=\"orion custom default panel-widget-style panel-widget-style-for-2824-2-1-1\" ><div\n\t\t\t\n\t\t\tclass=\"so-widget-orion_empty_space_w so-widget-orion_empty_space_w-base\"\n\t\t\t\n\t\t>\t<div class=\"row empty-space visible-lg visible-md visible-sm visible-xs\" style=\"height:36px;\">\r\n\t<\/div><\/div><\/div><\/div><div id=\"panel-2824-2-1-2\" class=\"so-panel widget widget_orion_cf7_w panel-last-child\" data-index=\"4\" ><div class=\"orion custom text-light panel-widget-style panel-widget-style-for-2824-2-1-2\" ><div\n\t\t\t\n\t\t\tclass=\"so-widget-orion_cf7_w so-widget-orion_cf7_w-base\"\n\t\t\t\n\t\t><div role=\"form\" class=\"wpcf7\" id=\"wpcf7-f471-o1\" lang=\"en-US\" dir=\"ltr\">\n<div class=\"screen-reader-response\"><p role=\"status\" aria-live=\"polite\" aria-atomic=\"true\"><\/p> <ul><\/ul><\/div>\n<form action=\"\/ar\/wp-json\/wp\/v2\/pages\/2824#wpcf7-f471-o1\" method=\"post\" class=\"wpcf7-form init\" novalidate=\"novalidate\" data-status=\"init\" data-trp-original-action=\"\/ar\/wp-json\/wp\/v2\/pages\/2824#wpcf7-f471-o1\">\n<div style=\"display: none;\">\n<input type=\"hidden\" name=\"_wpcf7\" value=\"471\" \/>\n<input type=\"hidden\" name=\"_wpcf7_version\" value=\"5.6.4\" \/>\n<input type=\"hidden\" name=\"_wpcf7_locale\" value=\"en_US\" \/>\n<input type=\"hidden\" name=\"_wpcf7_unit_tag\" value=\"wpcf7-f471-o1\" \/>\n<input type=\"hidden\" name=\"_wpcf7_container_post\" value=\"0\" \/>\n<input type=\"hidden\" name=\"_wpcf7_posted_data_hash\" value=\"\" \/>\n<\/div>\n<div class=\"cf7-form row\">\n<div class=\"col-md-6 name\"><span class=\"wpcf7-form-control-wrap\" data-name=\"text-name\"><input type=\"text\" name=\"text-name\" value=\"\" size=\"40\" class=\"wpcf7-form-control wpcf7-text wpcf7-validates-as-required\" aria-required=\"true\" aria-invalid=\"false\" placeholder=\"\u0625\u0639\u0644\u0627\u0646\" \/><\/span><\/div>\n<div class=\"col-md-6 name\"><span class=\"wpcf7-form-control-wrap\" data-name=\"text-last-name\"><input type=\"text\" name=\"text-last-name\" value=\"\" size=\"40\" class=\"wpcf7-form-control wpcf7-text wpcf7-validates-as-required\" aria-required=\"true\" aria-invalid=\"false\" placeholder=\"\u0627\u0644\u0644\u0642\u0628\" \/><\/span><\/div>\n<div class=\"col-md-6 phone\"><span class=\"wpcf7-form-control-wrap\" data-name=\"text-phone\"><input type=\"text\" name=\"text-phone\" value=\"\" size=\"40\" class=\"wpcf7-form-control wpcf7-text wpcf7-validates-as-required\" aria-required=\"true\" aria-invalid=\"false\" placeholder=\"\u0627\u0644\u0639\u062f\u062f\" \/><\/span><\/div>\n<div class=\"col-md-6 email\"><span class=\"wpcf7-form-control-wrap\" data-name=\"email-777\"><input type=\"email\" name=\"email-777\" value=\"\" size=\"40\" class=\"wpcf7-form-control wpcf7-text wpcf7-email wpcf7-validates-as-required wpcf7-validates-as-email\" aria-required=\"true\" aria-invalid=\"false\" placeholder=\"\u0627\u0644\u0628\u0631\u064a\u062f\" \/><\/span><\/div>\n<div class=\"col-md-12 select\"><span class=\"wpcf7-form-control-wrap\" data-name=\"menu-reason\"><select name=\"menu-reason\" class=\"wpcf7-form-control wpcf7-select form-control\" aria-invalid=\"false\"><option value=\"Randevu Nedeni\">\u0633\u0628\u0628 \u0627\u0644\u062a\u0639\u064a\u064a\u0646<\/option><option value=\"Muayane\">\u0645\u0648\u064a\u0627\u0646<\/option><option value=\"Kontrol\">\u0627\u0644\u062a\u062d\u0643\u0645<\/option><option value=\"Tedavi\">\u0627\u0644\u0639\u0644\u0627\u062c<\/option><option value=\"Acil Di\u015f Bak\u0131m\u0131\">\u0631\u0639\u0627\u064a\u0629 \u0627\u0644\u0623\u0633\u0646\u0627\u0646 \u0641\u064a \u062d\u0627\u0644\u0627\u062a \u0627\u0644\u0637\u0648\u0627\u0631\u0626<\/option><option value=\"Di\u011fer\">\u0623\u062e\u0631\u0649<\/option><\/select><\/span><\/div>\n<div class=\"col-md-6 date\"><span class=\"wpcf7-form-control-wrap\" data-name=\"date-667\"><input type=\"date\" name=\"date-667\" value=\"\" class=\"wpcf7-form-control wpcf7-date wpcf7-validates-as-date\" aria-invalid=\"false\" \/><\/span><\/div>\n<div class=\"col-md-6 time\"><span class=\"wpcf7-form-control-wrap\" data-name=\"menu-time\"><select name=\"menu-time\" class=\"wpcf7-form-control wpcf7-select form-control\" aria-invalid=\"false\"><option value=\"Herhangi Bir Zaman\">\u0641\u064a \u0623\u064a \u0648\u0642\u062a<\/option><option value=\"08:00 - 11:00\">08:00 - 11:00<\/option><option value=\"11:00 - 02:00\">11:00 - 02:00<\/option><option value=\"02:00 - 06:00\">02:00 - 06:00<\/option><\/select><\/span><\/div>\n<div class=\"col-md-12\"><span class=\"wpcf7-form-control-wrap\" data-name=\"textarea-notes\"><textarea name=\"textarea-notes\" cols=\"40\" rows=\"10\" class=\"wpcf7-form-control wpcf7-textarea\" aria-invalid=\"false\" placeholder=\"\u0644\u0627\u062d\u0638 \u0623\u0646\u0643 \u062a\u0631\u064a\u062f \u0625\u0636\u0627\u0641\u0629\"><\/textarea><\/span><\/div>\n<div class=\"col-md-12 text-center\"><input type=\"submit\" value=\"\u0625\u0643\u0645\u0627\u0644 \u0627\u0644\u062a\u0633\u062c\u064a\u0644\" class=\"wpcf7-form-control has-spinner wpcf7-submit btn btn-c1 btn-lg\" \/><\/div>\n<\/div>\n<div class=\"wpcf7-response-output\" aria-hidden=\"true\"><\/div><input type=\"hidden\" name=\"trp-form-language\" value=\"ar\"\/><\/form><\/div><\/div><\/div><\/div><\/div><div id=\"pgc-2824-2-2\"  class=\"panel-grid-cell panel-grid-cell-empty\" ><\/div><\/div><\/div><\/div>","protected":false},"excerpt":{"rendered":"<p>\u062a\u0644\u064a\u0641\u0648\u0646 +90 224 451 451 54 54 \u062a\u0644\u064a\u0641\u0648\u0646 +90 552 801 54 54 \u062a\u0644\u064a\u0641\u0648\u0646 +90 \u0633\u0627\u0639\u0627\u062a \u0627\u0644\u0639\u0645\u0644 \u0645\u0646 \u0627\u0644\u0625\u062b\u0646\u064a\u0646 \u0625\u0644\u0649 \u0627\u0644\u0633\u0628\u062a: 09:00 - 18:00 \u0628\u0627\u0631\u064a\u0634 \u0645\u0647. \u0633\u0648\u0645\u0631 \u0633\u0643. Ac\u0131badem Sinano\u011flu Apt. \u0631\u0642\u0645:2 \u0643\u0627\u062a:4 \u062f:11 \u0646\u064a\u0644\u0648\u0641\u0631\/\u0628\u0648\u0631\u0633\u0627 \u062d\u062f\u062f \u0645\u0648\u0639\u062f\u0627\u064b \u0633\u0628\u0628 \u0627\u0644\u0645\u0648\u0639\u062f\u0627\u0644\u0641\u062d\u0635\u0627\u0644\u0641\u062d\u0635\u0627\u0644\u0641\u062d\u0635\u0627\u0644\u0639\u0644\u0627\u062c\u0639\u0646\u0627\u064a\u0629 \u0627\u0644\u0637\u0627\u0631\u0626\u0629 \u0628\u0627\u0644\u0623\u0633\u0646\u0627\u0646\u0623\u064a \u0648\u0642\u062a \u0622\u062e\u063108:00 - 11:00 - 11:0011:00 - 02:002:00 - 06:00<\/p>","protected":false},"author":1,"featured_media":0,"parent":0,"menu_order":0,"comment_status":"closed","ping_status":"closed","template":"","meta":{"_coblocks_attr":"","_coblocks_dimensions":"","_coblocks_responsive_height":"","_coblocks_accordion_ie_support":"","inline_featured_image":false,"_joinchat":[],"footnotes":""},"class_list":["post-2824","page","type-page","status-publish","hentry"],"aioseo_notices":[],"_links":{"self":[{"href":"https:\/\/doctorfatihay.com\/ar\/wp-json\/wp\/v2\/pages\/2824","targetHints":{"allow":["GET"]}}],"collection":[{"href":"https:\/\/doctorfatihay.com\/ar\/wp-json\/wp\/v2\/pages"}],"about":[{"href":"https:\/\/doctorfatihay.com\/ar\/wp-json\/wp\/v2\/types\/page"}],"author":[{"embeddable":true,"href":"https:\/\/doctorfatihay.com\/ar\/wp-json\/wp\/v2\/users\/1"}],"replies":[{"embeddable":true,"href":"https:\/\/doctorfatihay.com\/ar\/wp-json\/wp\/v2\/comments?post=2824"}],"version-history":[{"count":0,"href":"https:\/\/doctorfatihay.com\/ar\/wp-json\/wp\/v2\/pages\/2824\/revisions"}],"wp:attachment":[{"href":"https:\/\/doctorfatihay.com\/ar\/wp-json\/wp\/v2\/media?parent=2824"}],"curies":[{"name":"wp","href":"https:\/\/api.w.org\/{rel}","templated":true}]}}